{"id":550,"date":"2026-02-26T16:30:52","date_gmt":"2026-02-26T15:30:52","guid":{"rendered":"https:\/\/dondersdiscovers.nl\/en\/?page_id=550"},"modified":"2026-02-26T16:30:53","modified_gmt":"2026-02-26T15:30:53","slug":"adhd-escape","status":"publish","type":"page","link":"https:\/\/dondersdiscovers.nl\/en\/adhd-escape\/","title":{"rendered":"ADHD Escape"},"content":{"rendered":"\n<p>What is it like to live with ADHD? Imagine: you win a competition and get to participate live in The Big Broadcast on ADHD FM. The grand prize? A dream holiday. But there&#8217;s one problem: you still have loads to do. Your suitcase is open, the hamster needs feeding, your test isn&#8217;t finished\u2026 and meanwhile, the ADHD clock is ticking from lightning fast to agonisingly slow. The radio bombards you with quiz questions and chaos. Your tablet is flooded with messages, notifications and checklists. You try to create some order, but even that creates new stimuli.<\/p>\n\n\n\n<p>The room turns into a living brain: full of sounds, lights, unexpected notifications and physical puzzles. Until the lights go out, only those who keep moving keep ADHD FM on the air. ADHD Escape \u2013 The Big Broadcast is a mobile escape experience about busyness, focus and resilience. A game that doesn&#8217;t explain what ADHD is, but lets you feel what it&#8217;s like to live with ADHD: chaotic, creative, caring and bursting with energy.<\/p>\n\n\n\n<p>The ADHD Escape is in Dutch, for more information and registration visit the Dutch page.<\/p>\n\n\n\n<div class=\"wp-block-columns is-layout-flex wp-container-core-columns-is-layout-9d6595d7 wp-block-columns-is-layout-flex\"><\/div>\n\n\n\n<div class=\"wp-block-columns is-layout-flex wp-container-core-columns-is-layout-9d6595d7 wp-block-columns-is-layout-flex\">\n<div class=\"wp-block-column is-layout-flow wp-block-column-is-layout-flow\">\n<figure class=\"wp-block-image size-full\"><img loading=\"lazy\" decoding=\"async\" width=\"822\" height=\"822\" src=\"https:\/\/dondersdiscovers.nl\/wp-content\/uploads\/2026\/02\/ADHD-Escape_Logo.jpg\" alt=\"\" class=\"wp-image-695\" srcset=\"https:\/\/dondersdiscovers.nl\/wp-content\/uploads\/2026\/02\/ADHD-Escape_Logo.jpg 822w, https:\/\/dondersdiscovers.nl\/wp-content\/uploads\/2026\/02\/ADHD-Escape_Logo-300x300.jpg 300w, https:\/\/dondersdiscovers.nl\/wp-content\/uploads\/2026\/02\/ADHD-Escape_Logo-150x150.jpg 150w, https:\/\/dondersdiscovers.nl\/wp-content\/uploads\/2026\/02\/ADHD-Escape_Logo-768x768.jpg 768w, https:\/\/dondersdiscovers.nl\/wp-content\/uploads\/2026\/02\/ADHD-Escape_Logo-10x10.jpg 10w\" sizes=\"auto, (max-width: 822px) 100vw, 822px\" \/><\/figure>\n<\/div>\n\n\n\n<div class=\"wp-block-column is-layout-flow wp-block-column-is-layout-flow\">\n<h2 class=\"wp-block-heading\">About ADHD Escape<\/h2>\n\n\n\n<p>The ADHD Escape was made possible thanks to a grant from the Dutch National Research Agenda (NWA.1397.25.238), in collaboration with The Great Escape, Impuls &#038; Woortblind and ROC Nijmegen. The project leader is Dr Jeanette Mostert, affiliated with Dr Martine Hoogman&#8217;s research group (Strengths and resilience in neurodevelopmental conditions, Radboudumc departments of psychiatry and medical neuroscience).<\/p>\n\n\n\n<p><br>A prototype of the ADHD Escape was developed in June 2025 by students from the Radboud Honours Lab: Annika Tielkes, Josje Meesters, Jet Sterkman, Antony Pop, Fr\u00e9d\u00e9rique van Poll, Lies Vos, Andy Zeng, Lila Berretta, Roos Hertogs, Zo\u00eb van Erp, Jayjay Rokers, Guusje Smeets, Tim Janssen, Guusje Broekhuijse and Maartje van Beek.<\/p>\n<\/div>\n<\/div>\n\n\n\n<p><\/p>\n\n\n\n<p><\/p>\n","protected":false},"excerpt":{"rendered":"<p>What is it like to live with ADHD? Imagine: you win a competition and get to participate live in The Big Broadcast on ADHD FM. The grand prize? A dream holiday. But there&#8217;s one problem: you still have loads to &hellip; <a href=\"https:\/\/dondersdiscovers.nl\/en\/adhd-escape\/\"><em>Lees verder<span class=\"meta-nav\">&#8230;<\/span><\/em><\/a><\/em><\/p>\n","protected":false},"author":2,"featured_media":551,"parent":0,"menu_order":0,"comment_status":"closed","ping_status":"closed","template":"","meta":{"_acf_changed":false,"footnotes":""},"class_list":["post-550","page","type-page","status-publish","has-post-thumbnail","hentry"],"acf":[],"_links":{"self":[{"href":"https:\/\/dondersdiscovers.nl\/en\/wp-json\/wp\/v2\/pages\/550","targetHints":{"allow":["GET"]}}],"collection":[{"href":"https:\/\/dondersdiscovers.nl\/en\/wp-json\/wp\/v2\/pages"}],"about":[{"href":"https:\/\/dondersdiscovers.nl\/en\/wp-json\/wp\/v2\/types\/page"}],"author":[{"embeddable":true,"href":"https:\/\/dondersdiscovers.nl\/en\/wp-json\/wp\/v2\/users\/2"}],"replies":[{"embeddable":true,"href":"https:\/\/dondersdiscovers.nl\/en\/wp-json\/wp\/v2\/comments?post=550"}],"version-history":[{"count":2,"href":"https:\/\/dondersdiscovers.nl\/en\/wp-json\/wp\/v2\/pages\/550\/revisions"}],"predecessor-version":[{"id":696,"href":"https:\/\/dondersdiscovers.nl\/en\/wp-json\/wp\/v2\/pages\/550\/revisions\/696"}],"wp:featuredmedia":[{"embeddable":true,"href":"https:\/\/dondersdiscovers.nl\/en\/wp-json\/wp\/v2\/media\/551"}],"wp:attachment":[{"href":"https:\/\/dondersdiscovers.nl\/en\/wp-json\/wp\/v2\/media?parent=550"}],"curies":[{"name":"wp","href":"https:\/\/api.w.org\/{rel}","templated":true}]}}